{"id":3053,"date":"2021-12-09T17:21:46","date_gmt":"2021-12-09T15:21:46","guid":{"rendered":"https:\/\/www.lacomi.es\/red-de-cuidados\/atencion-y-acompanamiento-emocional\/"},"modified":"2021-12-10T10:50:15","modified_gmt":"2021-12-10T08:50:15","slug":"arreta-eta-laguntza-emozionala","status":"publish","type":"page","link":"https:\/\/www.lacomi.es\/eu\/zaintza-sarea\/arreta-eta-laguntza-emozionala\/","title":{"rendered":"Arreta eta laguntza emozionala"},"content":{"rendered":"<p>Babes emozionaleko zerbitzua dugu, gure behar emozional, psikologiko eta sozialak betetzeko. Osoko arreta ematen dugu, prozesuan zehar eman daitezkeen egoera desberdinak landuz, GIBarekin zuzenean lotura dutenak, zein GIBa edukitzeagatik bizi daitezkeen egoera desberdinekin, hala nola, ongizateari eragiten dioten testuinguru-egoerak.<\/p>\n<p>GIBaren aurreko egoera medikua asko hobetu den arren, infekzio horri lotutako serofobiaren eta estigmaren ondorio psikologikoak eta emozionalak agertzen jarraitzen dira. Sozialki bide handia geratzen da egiteko, eta GIBarekin bizi diren pertsonek, askotan, harreman-, lan-, osasun-trabei aurre egin behar diete, beren egunerokotasuna zailtzen dutenak.<\/p>\n<p>\u201cEtapa desberdinetan eta horien zailtasunetan laguntzen zaitugu, zure trebetasun eta baliabideak sustatuz, kontzientzia hartzeko, garapen pertsonalerako eta bizi kalitatea hobetzeko.\u201d<\/p>\n<p>Zer eskaintzen dugu?<\/p>\n<ul>\n<li>Babes emozionala eta banakako laguntza, bikotean edota gertukoei<\/li>\n<li>Taldekako babes emozionala: elkarren babeserako taldeak<\/li>\n<li>Laguntza, agur eta dolu bizipenen lantegia: \u201cBegiratu zaitez aurrez aurre\u201d<\/li>\n<li>Jarduera terapeutikoak: Bach loreak.<\/li>\n<\/ul>\n<div class=\"pvc_clear\"><\/div>\n<p id=\"pvc_stats_3053\" class=\"pvc_stats all  \" data-element-id=\"3053\" style=\"\"><i class=\"pvc-stats-icon medium\" aria-hidden=\"true\"><svg xmlns=\"http:\/\/www.w3.org\/2000\/svg\" version=\"1.0\" viewBox=\"0 0 502 315\" preserveAspectRatio=\"xMidYMid meet\"><g transform=\"translate(0,332) scale(0.1,-0.1)\" fill=\"\" stroke=\"none\"><path d=\"M2394 3279 l-29 -30 -3 -207 c-2 -182 0 -211 15 -242 39 -76 157 -76 196 0 15 31 17 60 15 243 l-3 209 -33 29 c-26 23 -41 29 -80 29 -41 0 -53 -5 -78 -31z\"\/><path d=\"M3085 3251 c-45 -19 -58 -50 -96 -229 -47 -217 -49 -260 -13 -295 52 -53 146 -42 177 20 16 31 87 366 87 410 0 70 -86 122 -155 94z\"\/><path d=\"M1751 3234 c-13 -9 -29 -31 -37 -50 -12 -29 -10 -49 21 -204 19 -94 39 -189 45 -210 14 -50 54 -80 110 -80 34 0 48 6 76 34 21 21 34 44 34 59 0 14 -18 113 -40 219 -37 178 -43 195 -70 221 -36 32 -101 37 -139 11z\"\/><path d=\"M1163 3073 c-36 -7 -73 -59 -73 -102 0 -56 133 -378 171 -413 34 -32 83 -37 129 -13 70 36 67 87 -16 290 -86 209 -89 214 -129 231 -35 14 -42 15 -82 7z\"\/><path d=\"M3689 3066 c-15 -9 -33 -30 -42 -48 -48 -103 -147 -355 -147 -375 0 -98 131 -148 192 -74 13 15 57 108 97 206 80 196 84 226 37 273 -30 30 -99 39 -137 18z\"\/><path d=\"M583 2784 c-38 -19 -67 -74 -58 -113 9 -42 211 -354 242 -373 16 -10 45 -18 66 -18 51 0 107 52 107 100 0 39 -1 41 -124 234 -80 126 -108 162 -133 173 -41 17 -61 16 -100 -3z\"\/><path d=\"M4250 2784 c-14 -9 -74 -91 -133 -183 -95 -150 -107 -173 -107 -213 0 -55 33 -94 87 -104 67 -13 90 8 211 198 130 202 137 225 78 284 -27 27 -42 34 -72 34 -22 0 -50 -8 -64 -16z\"\/><path d=\"M2275 2693 c-553 -48 -1095 -270 -1585 -649 -135 -104 -459 -423 -483 -476 -23 -49 -22 -139 2 -186 73 -142 361 -457 571 -626 285 -228 642 -407 990 -497 242 -63 336 -73 660 -74 310 0 370 5 595 52 535 111 1045 392 1455 803 122 121 250 273 275 326 19 41 19 137 0 174 -41 79 -309 363 -465 492 -447 370 -946 591 -1479 653 -113 14 -422 18 -536 8z m395 -428 c171 -34 330 -124 456 -258 112 -119 167 -219 211 -378 27 -96 24 -300 -5 -401 -72 -255 -236 -447 -474 -557 -132 -62 -201 -76 -368 -76 -167 0 -236 14 -368 76 -213 98 -373 271 -451 485 -162 444 86 934 547 1084 153 49 292 57 452 25z m909 -232 c222 -123 408 -262 593 -441 76 -74 138 -139 138 -144 0 -16 -233 -242 -330 -319 -155 -123 -309 -223 -461 -299 l-81 -41 32 46 c18 26 49 83 70 128 143 306 141 649 -6 957 -25 52 -61 116 -79 142 l-34 47 45 -20 c26 -10 76 -36 113 -56z m-2057 25 c-40 -58 -105 -190 -130 -263 -110 -324 -59 -707 132 -981 25 -35 42 -64 37 -64 -19 0 -241 119 -326 174 -188 122 -406 314 -532 468 l-58 71 108 103 c185 178 428 349 672 473 66 33 121 60 123 61 2 0 -10 -19 -26 -42z\"\/><path d=\"M2375 1950 c-198 -44 -350 -190 -395 -379 -18 -76 -8 -221 19 -290 114 -284 457 -406 731 -260 98 52 188 154 231 260 27 69 37 214 19 290 -38 163 -166 304 -326 360 -67 23 -215 33 -279 19z\"\/><\/g><\/svg><\/i> <img src=\"https:\/\/www.lacomi.es\/wp-content\/plugins\/page-views-count\/ajax-loader.gif\" border=0 \/><\/p>\n<div class=\"pvc_clear\"><\/div>\n","protected":false},"excerpt":{"rendered":"<p>Babes emozionaleko zerbitzua dugu, gure behar emozional, psikologiko eta sozialak betetzeko. Osoko arreta ematen dugu, prozesuan zehar eman daitezkeen egoera desberdinak landuz, GIBarekin zuzenean lotura dutenak, zein GIBa edukitzeagatik bizi daitezkeen egoera desberdinekin, hala nola, ongizateari eragiten dioten testuinguru-egoerak. GIBaren aurreko egoera medikua asko hobetu den arren, infekzio horri lotutako serofobiaren eta estigmaren ondorio psikologikoak [&hellip;]<\/p>\n<div class=\"pvc_clear\"><\/div>\n<p id=\"pvc_stats_3053\" class=\"pvc_stats all  \" data-element-id=\"3053\" style=\"\"><i class=\"pvc-stats-icon medium\" aria-hidden=\"true\"><svg xmlns=\"http:\/\/www.w3.org\/2000\/svg\" version=\"1.0\" viewBox=\"0 0 502 315\" preserveAspectRatio=\"xMidYMid meet\"><g transform=\"translate(0,332) scale(0.1,-0.1)\" fill=\"\" stroke=\"none\"><path d=\"M2394 3279 l-29 -30 -3 -207 c-2 -182 0 -211 15 -242 39 -76 157 -76 196 0 15 31 17 60 15 243 l-3 209 -33 29 c-26 23 -41 29 -80 29 -41 0 -53 -5 -78 -31z\"\/><path d=\"M3085 3251 c-45 -19 -58 -50 -96 -229 -47 -217 -49 -260 -13 -295 52 -53 146 -42 177 20 16 31 87 366 87 410 0 70 -86 122 -155 94z\"\/><path d=\"M1751 3234 c-13 -9 -29 -31 -37 -50 -12 -29 -10 -49 21 -204 19 -94 39 -189 45 -210 14 -50 54 -80 110 -80 34 0 48 6 76 34 21 21 34 44 34 59 0 14 -18 113 -40 219 -37 178 -43 195 -70 221 -36 32 -101 37 -139 11z\"\/><path d=\"M1163 3073 c-36 -7 -73 -59 -73 -102 0 -56 133 -378 171 -413 34 -32 83 -37 129 -13 70 36 67 87 -16 290 -86 209 -89 214 -129 231 -35 14 -42 15 -82 7z\"\/><path d=\"M3689 3066 c-15 -9 -33 -30 -42 -48 -48 -103 -147 -355 -147 -375 0 -98 131 -148 192 -74 13 15 57 108 97 206 80 196 84 226 37 273 -30 30 -99 39 -137 18z\"\/><path d=\"M583 2784 c-38 -19 -67 -74 -58 -113 9 -42 211 -354 242 -373 16 -10 45 -18 66 -18 51 0 107 52 107 100 0 39 -1 41 -124 234 -80 126 -108 162 -133 173 -41 17 -61 16 -100 -3z\"\/><path d=\"M4250 2784 c-14 -9 -74 -91 -133 -183 -95 -150 -107 -173 -107 -213 0 -55 33 -94 87 -104 67 -13 90 8 211 198 130 202 137 225 78 284 -27 27 -42 34 -72 34 -22 0 -50 -8 -64 -16z\"\/><path d=\"M2275 2693 c-553 -48 -1095 -270 -1585 -649 -135 -104 -459 -423 -483 -476 -23 -49 -22 -139 2 -186 73 -142 361 -457 571 -626 285 -228 642 -407 990 -497 242 -63 336 -73 660 -74 310 0 370 5 595 52 535 111 1045 392 1455 803 122 121 250 273 275 326 19 41 19 137 0 174 -41 79 -309 363 -465 492 -447 370 -946 591 -1479 653 -113 14 -422 18 -536 8z m395 -428 c171 -34 330 -124 456 -258 112 -119 167 -219 211 -378 27 -96 24 -300 -5 -401 -72 -255 -236 -447 -474 -557 -132 -62 -201 -76 -368 -76 -167 0 -236 14 -368 76 -213 98 -373 271 -451 485 -162 444 86 934 547 1084 153 49 292 57 452 25z m909 -232 c222 -123 408 -262 593 -441 76 -74 138 -139 138 -144 0 -16 -233 -242 -330 -319 -155 -123 -309 -223 -461 -299 l-81 -41 32 46 c18 26 49 83 70 128 143 306 141 649 -6 957 -25 52 -61 116 -79 142 l-34 47 45 -20 c26 -10 76 -36 113 -56z m-2057 25 c-40 -58 -105 -190 -130 -263 -110 -324 -59 -707 132 -981 25 -35 42 -64 37 -64 -19 0 -241 119 -326 174 -188 122 -406 314 -532 468 l-58 71 108 103 c185 178 428 349 672 473 66 33 121 60 123 61 2 0 -10 -19 -26 -42z\"\/><path d=\"M2375 1950 c-198 -44 -350 -190 -395 -379 -18 -76 -8 -221 19 -290 114 -284 457 -406 731 -260 98 52 188 154 231 260 27 69 37 214 19 290 -38 163 -166 304 -326 360 -67 23 -215 33 -279 19z\"\/><\/g><\/svg><\/i> <img src=\"https:\/\/www.lacomi.es\/wp-content\/plugins\/page-views-count\/ajax-loader.gif\" border=0 \/><\/p>\n<div class=\"pvc_clear\"><\/div>\n","protected":false},"author":1,"featured_media":0,"parent":3045,"menu_order":3,"comment_status":"closed","ping_status":"closed","template":"","meta":{"_links_to":"","_links_to_target":""},"acf":[],"yoast_head":"<!-- This site is optimized with the Yoast SEO plugin v18.1 - https:\/\/yoast.com\/wordpress\/plugins\/seo\/ -->\n<title>Arreta eta laguntza emozionala - Comisi\u00f3n Ciudadana antisida de Navarra<\/title>\n<meta name=\"description\" content=\"vih,pamplona,sida,navarra,test,prueba,serofobia,atenci\u00f3n,salud,sexual,red,cuidados,derechos,humanos,sexuales,ddhh,voluntariado,voluntario,comision,anti,sida,de,navarra,hieraren,aurkako,nafarroako,batzorde,herritarren,hiritarra,VIH,vih,GIB,gib,HIESA,hiesa,PrEP,prep,SIDA,Sindrome,Inmunodeficiencia,Adquirida,Virus,Inmunodeficiencia,Humano,prueba vih,atenci\u00f3n sexual,sexual,formaci\u00f3n,m\u00edralo,frente,m\u00edrate,trabajadoras sexuales,trabajadores sexuales,material preventivo,prevenci\u00f3n,prevencion,condon,condones,lubricantes,cond\u00f3n,lubricante,sabores,preservativos,preservativo,disfrutatufest,gozamenez,ocio,fiestas,intervenci\u00f3n,bajeras,HSH,GBHSH,hombres,sexo,drogas,campa\u00f1as,san,fermin,reducci\u00f3n,da\u00f1os,jeringuillas,espa\u00f1ola,americana,material preventivo,acompa\u00f1amiento,emocional,grupos,autoayuda,p\u00e9rdida,duelo,inserci\u00f3n,sociolaboral,trabajo,curr\u00edculum,mujeres,mujer,lactancia,leche materna,leche,artificial,trabajo comunitario,comunitario,caminando,encontramos,compa\u00f1eras,emergencia,social,banco,alimentos,28J,plataforma,diversidad,sexual,LGTB,LGTBQ,LGTBQI,LGTBQ+,LGTB+,LGTBQI+,LGTBQIA,LGTBQIA+,LGTBQA,LGTBQA+,trans,d\u00eda,mundial,VIH-SIDA,VIH\/SIDA,vih\/sida,vih-sida,cero,discriminaci\u00f3n,discriminacion,disidencias,sexuales,g\u00e9nero,genero,incidencia,pol\u00edtica,politica,asociarse,colaboraci\u00f3n,orgullo,serofobia,transfobia,dudas,como,se,trasmite,trasmisi\u00f3n,contagio,infecci\u00f3n,infeccion,trasmision,sexual,sexo,ITS,ITGS,its,itgs,ets,ETS,ETGS,etgs,lazo,rojo,1987,la comi,comi,COMI,orientaci\u00f3n,orientacion,rapida,r\u00e1pida,an\u00f3nima,anonima,confidencial,confidencialidad,gratuita,gratis,comisionantisidadenavarra@gmail.com,sida navarra,sida pamplona,vih pamplona,vih navarra,prueba vih,donde,prueba sida,Calle del carmen 13,Comisi\u00f3n Ciudadana AntiSIDA de Navarra,Comisi\u00f3n Anti Sida de Navarra,Comision antisida de navarra,ayuda,mutua,apoyo,legal,ley,herramientas,\u00e9tica,cuidados,etica,oms,onusida,cesida\" \/>\n<meta name=\"robots\" content=\"index, follow, max-snippet:-1, max-image-preview:large, max-video-preview:-1\" \/>\n<link rel=\"canonical\" href=\"https:\/\/www.lacomi.es\/red-de-cuidados\/atencion-y-acompanamiento-emocional\/\" \/>\n<meta property=\"og:locale\" content=\"eu_ES\" \/>\n<meta property=\"og:type\" content=\"article\" \/>\n<meta property=\"og:title\" content=\"Arreta eta laguntza emozionala - Comisi\u00f3n Ciudadana antisida de Navarra\" \/>\n<meta property=\"og:description\" content=\"vih,pamplona,sida,navarra,test,prueba,serofobia,atenci\u00f3n,salud,sexual,red,cuidados,derechos,humanos,sexuales,ddhh,voluntariado,voluntario,comision,anti,sida,de,navarra,hieraren,aurkako,nafarroako,batzorde,herritarren,hiritarra,VIH,vih,GIB,gib,HIESA,hiesa,PrEP,prep,SIDA,Sindrome,Inmunodeficiencia,Adquirida,Virus,Inmunodeficiencia,Humano,prueba vih,atenci\u00f3n sexual,sexual,formaci\u00f3n,m\u00edralo,frente,m\u00edrate,trabajadoras sexuales,trabajadores sexuales,material preventivo,prevenci\u00f3n,prevencion,condon,condones,lubricantes,cond\u00f3n,lubricante,sabores,preservativos,preservativo,disfrutatufest,gozamenez,ocio,fiestas,intervenci\u00f3n,bajeras,HSH,GBHSH,hombres,sexo,drogas,campa\u00f1as,san,fermin,reducci\u00f3n,da\u00f1os,jeringuillas,espa\u00f1ola,americana,material preventivo,acompa\u00f1amiento,emocional,grupos,autoayuda,p\u00e9rdida,duelo,inserci\u00f3n,sociolaboral,trabajo,curr\u00edculum,mujeres,mujer,lactancia,leche materna,leche,artificial,trabajo comunitario,comunitario,caminando,encontramos,compa\u00f1eras,emergencia,social,banco,alimentos,28J,plataforma,diversidad,sexual,LGTB,LGTBQ,LGTBQI,LGTBQ+,LGTB+,LGTBQI+,LGTBQIA,LGTBQIA+,LGTBQA,LGTBQA+,trans,d\u00eda,mundial,VIH-SIDA,VIH\/SIDA,vih\/sida,vih-sida,cero,discriminaci\u00f3n,discriminacion,disidencias,sexuales,g\u00e9nero,genero,incidencia,pol\u00edtica,politica,asociarse,colaboraci\u00f3n,orgullo,serofobia,transfobia,dudas,como,se,trasmite,trasmisi\u00f3n,contagio,infecci\u00f3n,infeccion,trasmision,sexual,sexo,ITS,ITGS,its,itgs,ets,ETS,ETGS,etgs,lazo,rojo,1987,la comi,comi,COMI,orientaci\u00f3n,orientacion,rapida,r\u00e1pida,an\u00f3nima,anonima,confidencial,confidencialidad,gratuita,gratis,comisionantisidadenavarra@gmail.com,sida navarra,sida pamplona,vih pamplona,vih navarra,prueba vih,donde,prueba sida,Calle del carmen 13,Comisi\u00f3n Ciudadana AntiSIDA de Navarra,Comisi\u00f3n Anti Sida de Navarra,Comision antisida de navarra,ayuda,mutua,apoyo,legal,ley,herramientas,\u00e9tica,cuidados,etica,oms,onusida,cesida\" \/>\n<meta property=\"og:url\" content=\"https:\/\/www.lacomi.es\/red-de-cuidados\/atencion-y-acompanamiento-emocional\/\" \/>\n<meta property=\"og:site_name\" content=\"Comisi\u00f3n Ciudadana antisida de Navarra\" \/>\n<meta property=\"article:modified_time\" content=\"2021-12-10T08:50:15+00:00\" \/>\n<meta name=\"twitter:card\" content=\"summary_large_image\" \/>\n<meta name=\"twitter:label1\" content=\"Est. reading time\" \/>\n\t<meta name=\"twitter:data1\" content=\"1 minute\" \/>\n<script type=\"application\/ld+json\" class=\"yoast-schema-graph\">{\"@context\":\"https:\/\/schema.org\",\"@graph\":[{\"@type\":\"WebSite\",\"@id\":\"https:\/\/www.lacomi.es\/#website\",\"url\":\"https:\/\/www.lacomi.es\/\",\"name\":\"Comisi\u00f3n Ciudadana antisida de Navarra\",\"description\":\"Comisi\u00f3n Ciudadana antisida de Navarra\",\"potentialAction\":[{\"@type\":\"SearchAction\",\"target\":{\"@type\":\"EntryPoint\",\"urlTemplate\":\"https:\/\/www.lacomi.es\/?s={search_term_string}\"},\"query-input\":\"required name=search_term_string\"}],\"inLanguage\":\"eu-ES\"},{\"@type\":\"WebPage\",\"@id\":\"https:\/\/www.lacomi.es\/red-de-cuidados\/atencion-y-acompanamiento-emocional\/#webpage\",\"url\":\"https:\/\/www.lacomi.es\/red-de-cuidados\/atencion-y-acompanamiento-emocional\/\",\"name\":\"Arreta eta laguntza emozionala - Comisi\u00f3n Ciudadana antisida de Navarra\",\"isPartOf\":{\"@id\":\"https:\/\/www.lacomi.es\/#website\"},\"datePublished\":\"2021-12-09T15:21:46+00:00\",\"dateModified\":\"2021-12-10T08:50:15+00:00\",\"description\":\"vih,pamplona,sida,navarra,test,prueba,serofobia,atenci\u00f3n,salud,sexual,red,cuidados,derechos,humanos,sexuales,ddhh,voluntariado,voluntario,comision,anti,sida,de,navarra,hieraren,aurkako,nafarroako,batzorde,herritarren,hiritarra,VIH,vih,GIB,gib,HIESA,hiesa,PrEP,prep,SIDA,Sindrome,Inmunodeficiencia,Adquirida,Virus,Inmunodeficiencia,Humano,prueba vih,atenci\u00f3n sexual,sexual,formaci\u00f3n,m\u00edralo,frente,m\u00edrate,trabajadoras sexuales,trabajadores sexuales,material preventivo,prevenci\u00f3n,prevencion,condon,condones,lubricantes,cond\u00f3n,lubricante,sabores,preservativos,preservativo,disfrutatufest,gozamenez,ocio,fiestas,intervenci\u00f3n,bajeras,HSH,GBHSH,hombres,sexo,drogas,campa\u00f1as,san,fermin,reducci\u00f3n,da\u00f1os,jeringuillas,espa\u00f1ola,americana,material preventivo,acompa\u00f1amiento,emocional,grupos,autoayuda,p\u00e9rdida,duelo,inserci\u00f3n,sociolaboral,trabajo,curr\u00edculum,mujeres,mujer,lactancia,leche materna,leche,artificial,trabajo comunitario,comunitario,caminando,encontramos,compa\u00f1eras,emergencia,social,banco,alimentos,28J,plataforma,diversidad,sexual,LGTB,LGTBQ,LGTBQI,LGTBQ+,LGTB+,LGTBQI+,LGTBQIA,LGTBQIA+,LGTBQA,LGTBQA+,trans,d\u00eda,mundial,VIH-SIDA,VIH\/SIDA,vih\/sida,vih-sida,cero,discriminaci\u00f3n,discriminacion,disidencias,sexuales,g\u00e9nero,genero,incidencia,pol\u00edtica,politica,asociarse,colaboraci\u00f3n,orgullo,serofobia,transfobia,dudas,como,se,trasmite,trasmisi\u00f3n,contagio,infecci\u00f3n,infeccion,trasmision,sexual,sexo,ITS,ITGS,its,itgs,ets,ETS,ETGS,etgs,lazo,rojo,1987,la comi,comi,COMI,orientaci\u00f3n,orientacion,rapida,r\u00e1pida,an\u00f3nima,anonima,confidencial,confidencialidad,gratuita,gratis,comisionantisidadenavarra@gmail.com,sida navarra,sida pamplona,vih pamplona,vih navarra,prueba vih,donde,prueba sida,Calle del carmen 13,Comisi\u00f3n Ciudadana AntiSIDA de Navarra,Comisi\u00f3n Anti Sida de Navarra,Comision antisida de navarra,ayuda,mutua,apoyo,legal,ley,herramientas,\u00e9tica,cuidados,etica,oms,onusida,cesida\",\"breadcrumb\":{\"@id\":\"https:\/\/www.lacomi.es\/red-de-cuidados\/atencion-y-acompanamiento-emocional\/#breadcrumb\"},\"inLanguage\":\"eu-ES\",\"potentialAction\":[{\"@type\":\"ReadAction\",\"target\":[\"https:\/\/www.lacomi.es\/red-de-cuidados\/atencion-y-acompanamiento-emocional\/\"]}]},{\"@type\":\"BreadcrumbList\",\"@id\":\"https:\/\/www.lacomi.es\/red-de-cuidados\/atencion-y-acompanamiento-emocional\/#breadcrumb\",\"itemListElement\":[{\"@type\":\"ListItem\",\"position\":1,\"name\":\"Portada\",\"item\":\"https:\/\/www.lacomi.es\/\"},{\"@type\":\"ListItem\",\"position\":2,\"name\":\"ZAINTZA SAREA\",\"item\":\"https:\/\/www.lacomi.es\/red-de-cuidados\/\"},{\"@type\":\"ListItem\",\"position\":3,\"name\":\"Arreta eta laguntza emozionala\"}]}]}<\/script>\n<!-- \/ Yoast SEO plugin. -->","yoast_head_json":{"title":"Arreta eta laguntza emozionala - Comisi\u00f3n Ciudadana antisida de Navarra","description":"vih,pamplona,sida,navarra,test,prueba,serofobia,atenci\u00f3n,salud,sexual,red,cuidados,derechos,humanos,sexuales,ddhh,voluntariado,voluntario,comision,anti,sida,de,navarra,hieraren,aurkako,nafarroako,batzorde,herritarren,hiritarra,VIH,vih,GIB,gib,HIESA,hiesa,PrEP,prep,SIDA,Sindrome,Inmunodeficiencia,Adquirida,Virus,Inmunodeficiencia,Humano,prueba vih,atenci\u00f3n sexual,sexual,formaci\u00f3n,m\u00edralo,frente,m\u00edrate,trabajadoras sexuales,trabajadores sexuales,material preventivo,prevenci\u00f3n,prevencion,condon,condones,lubricantes,cond\u00f3n,lubricante,sabores,preservativos,preservativo,disfrutatufest,gozamenez,ocio,fiestas,intervenci\u00f3n,bajeras,HSH,GBHSH,hombres,sexo,drogas,campa\u00f1as,san,fermin,reducci\u00f3n,da\u00f1os,jeringuillas,espa\u00f1ola,americana,material preventivo,acompa\u00f1amiento,emocional,grupos,autoayuda,p\u00e9rdida,duelo,inserci\u00f3n,sociolaboral,trabajo,curr\u00edculum,mujeres,mujer,lactancia,leche materna,leche,artificial,trabajo comunitario,comunitario,caminando,encontramos,compa\u00f1eras,emergencia,social,banco,alimentos,28J,plataforma,diversidad,sexual,LGTB,LGTBQ,LGTBQI,LGTBQ+,LGTB+,LGTBQI+,LGTBQIA,LGTBQIA+,LGTBQA,LGTBQA+,trans,d\u00eda,mundial,VIH-SIDA,VIH\/SIDA,vih\/sida,vih-sida,cero,discriminaci\u00f3n,discriminacion,disidencias,sexuales,g\u00e9nero,genero,incidencia,pol\u00edtica,politica,asociarse,colaboraci\u00f3n,orgullo,serofobia,transfobia,dudas,como,se,trasmite,trasmisi\u00f3n,contagio,infecci\u00f3n,infeccion,trasmision,sexual,sexo,ITS,ITGS,its,itgs,ets,ETS,ETGS,etgs,lazo,rojo,1987,la comi,comi,COMI,orientaci\u00f3n,orientacion,rapida,r\u00e1pida,an\u00f3nima,anonima,confidencial,confidencialidad,gratuita,gratis,comisionantisidadenavarra@gmail.com,sida navarra,sida pamplona,vih pamplona,vih navarra,prueba vih,donde,prueba sida,Calle del carmen 13,Comisi\u00f3n Ciudadana AntiSIDA de Navarra,Comisi\u00f3n Anti Sida de Navarra,Comision antisida de navarra,ayuda,mutua,apoyo,legal,ley,herramientas,\u00e9tica,cuidados,etica,oms,onusida,cesida","robots":{"index":"index","follow":"follow","max-snippet":"max-snippet:-1","max-image-preview":"max-image-preview:large","max-video-preview":"max-video-preview:-1"},"canonical":"https:\/\/www.lacomi.es\/red-de-cuidados\/atencion-y-acompanamiento-emocional\/","og_locale":"eu_ES","og_type":"article","og_title":"Arreta eta laguntza emozionala - Comisi\u00f3n Ciudadana antisida de Navarra","og_description":"vih,pamplona,sida,navarra,test,prueba,serofobia,atenci\u00f3n,salud,sexual,red,cuidados,derechos,humanos,sexuales,ddhh,voluntariado,voluntario,comision,anti,sida,de,navarra,hieraren,aurkako,nafarroako,batzorde,herritarren,hiritarra,VIH,vih,GIB,gib,HIESA,hiesa,PrEP,prep,SIDA,Sindrome,Inmunodeficiencia,Adquirida,Virus,Inmunodeficiencia,Humano,prueba vih,atenci\u00f3n sexual,sexual,formaci\u00f3n,m\u00edralo,frente,m\u00edrate,trabajadoras sexuales,trabajadores sexuales,material preventivo,prevenci\u00f3n,prevencion,condon,condones,lubricantes,cond\u00f3n,lubricante,sabores,preservativos,preservativo,disfrutatufest,gozamenez,ocio,fiestas,intervenci\u00f3n,bajeras,HSH,GBHSH,hombres,sexo,drogas,campa\u00f1as,san,fermin,reducci\u00f3n,da\u00f1os,jeringuillas,espa\u00f1ola,americana,material preventivo,acompa\u00f1amiento,emocional,grupos,autoayuda,p\u00e9rdida,duelo,inserci\u00f3n,sociolaboral,trabajo,curr\u00edculum,mujeres,mujer,lactancia,leche materna,leche,artificial,trabajo comunitario,comunitario,caminando,encontramos,compa\u00f1eras,emergencia,social,banco,alimentos,28J,plataforma,diversidad,sexual,LGTB,LGTBQ,LGTBQI,LGTBQ+,LGTB+,LGTBQI+,LGTBQIA,LGTBQIA+,LGTBQA,LGTBQA+,trans,d\u00eda,mundial,VIH-SIDA,VIH\/SIDA,vih\/sida,vih-sida,cero,discriminaci\u00f3n,discriminacion,disidencias,sexuales,g\u00e9nero,genero,incidencia,pol\u00edtica,politica,asociarse,colaboraci\u00f3n,orgullo,serofobia,transfobia,dudas,como,se,trasmite,trasmisi\u00f3n,contagio,infecci\u00f3n,infeccion,trasmision,sexual,sexo,ITS,ITGS,its,itgs,ets,ETS,ETGS,etgs,lazo,rojo,1987,la comi,comi,COMI,orientaci\u00f3n,orientacion,rapida,r\u00e1pida,an\u00f3nima,anonima,confidencial,confidencialidad,gratuita,gratis,comisionantisidadenavarra@gmail.com,sida navarra,sida pamplona,vih pamplona,vih navarra,prueba vih,donde,prueba sida,Calle del carmen 13,Comisi\u00f3n Ciudadana AntiSIDA de Navarra,Comisi\u00f3n Anti Sida de Navarra,Comision antisida de navarra,ayuda,mutua,apoyo,legal,ley,herramientas,\u00e9tica,cuidados,etica,oms,onusida,cesida","og_url":"https:\/\/www.lacomi.es\/red-de-cuidados\/atencion-y-acompanamiento-emocional\/","og_site_name":"Comisi\u00f3n Ciudadana antisida de Navarra","article_modified_time":"2021-12-10T08:50:15+00:00","twitter_card":"summary_large_image","twitter_misc":{"Est. reading time":"1 minute"},"schema":{"@context":"https:\/\/schema.org","@graph":[{"@type":"WebSite","@id":"https:\/\/www.lacomi.es\/#website","url":"https:\/\/www.lacomi.es\/","name":"Comisi\u00f3n Ciudadana antisida de Navarra","description":"Comisi\u00f3n Ciudadana antisida de Navarra","potentialAction":[{"@type":"SearchAction","target":{"@type":"EntryPoint","urlTemplate":"https:\/\/www.lacomi.es\/?s={search_term_string}"},"query-input":"required name=search_term_string"}],"inLanguage":"eu-ES"},{"@type":"WebPage","@id":"https:\/\/www.lacomi.es\/red-de-cuidados\/atencion-y-acompanamiento-emocional\/#webpage","url":"https:\/\/www.lacomi.es\/red-de-cuidados\/atencion-y-acompanamiento-emocional\/","name":"Arreta eta laguntza emozionala - Comisi\u00f3n Ciudadana antisida de Navarra","isPartOf":{"@id":"https:\/\/www.lacomi.es\/#website"},"datePublished":"2021-12-09T15:21:46+00:00","dateModified":"2021-12-10T08:50:15+00:00","description":"vih,pamplona,sida,navarra,test,prueba,serofobia,atenci\u00f3n,salud,sexual,red,cuidados,derechos,humanos,sexuales,ddhh,voluntariado,voluntario,comision,anti,sida,de,navarra,hieraren,aurkako,nafarroako,batzorde,herritarren,hiritarra,VIH,vih,GIB,gib,HIESA,hiesa,PrEP,prep,SIDA,Sindrome,Inmunodeficiencia,Adquirida,Virus,Inmunodeficiencia,Humano,prueba vih,atenci\u00f3n sexual,sexual,formaci\u00f3n,m\u00edralo,frente,m\u00edrate,trabajadoras sexuales,trabajadores sexuales,material preventivo,prevenci\u00f3n,prevencion,condon,condones,lubricantes,cond\u00f3n,lubricante,sabores,preservativos,preservativo,disfrutatufest,gozamenez,ocio,fiestas,intervenci\u00f3n,bajeras,HSH,GBHSH,hombres,sexo,drogas,campa\u00f1as,san,fermin,reducci\u00f3n,da\u00f1os,jeringuillas,espa\u00f1ola,americana,material preventivo,acompa\u00f1amiento,emocional,grupos,autoayuda,p\u00e9rdida,duelo,inserci\u00f3n,sociolaboral,trabajo,curr\u00edculum,mujeres,mujer,lactancia,leche materna,leche,artificial,trabajo comunitario,comunitario,caminando,encontramos,compa\u00f1eras,emergencia,social,banco,alimentos,28J,plataforma,diversidad,sexual,LGTB,LGTBQ,LGTBQI,LGTBQ+,LGTB+,LGTBQI+,LGTBQIA,LGTBQIA+,LGTBQA,LGTBQA+,trans,d\u00eda,mundial,VIH-SIDA,VIH\/SIDA,vih\/sida,vih-sida,cero,discriminaci\u00f3n,discriminacion,disidencias,sexuales,g\u00e9nero,genero,incidencia,pol\u00edtica,politica,asociarse,colaboraci\u00f3n,orgullo,serofobia,transfobia,dudas,como,se,trasmite,trasmisi\u00f3n,contagio,infecci\u00f3n,infeccion,trasmision,sexual,sexo,ITS,ITGS,its,itgs,ets,ETS,ETGS,etgs,lazo,rojo,1987,la comi,comi,COMI,orientaci\u00f3n,orientacion,rapida,r\u00e1pida,an\u00f3nima,anonima,confidencial,confidencialidad,gratuita,gratis,comisionantisidadenavarra@gmail.com,sida navarra,sida pamplona,vih pamplona,vih navarra,prueba vih,donde,prueba sida,Calle del carmen 13,Comisi\u00f3n Ciudadana AntiSIDA de Navarra,Comisi\u00f3n Anti Sida de Navarra,Comision antisida de navarra,ayuda,mutua,apoyo,legal,ley,herramientas,\u00e9tica,cuidados,etica,oms,onusida,cesida","breadcrumb":{"@id":"https:\/\/www.lacomi.es\/red-de-cuidados\/atencion-y-acompanamiento-emocional\/#breadcrumb"},"inLanguage":"eu-ES","potentialAction":[{"@type":"ReadAction","target":["https:\/\/www.lacomi.es\/red-de-cuidados\/atencion-y-acompanamiento-emocional\/"]}]},{"@type":"BreadcrumbList","@id":"https:\/\/www.lacomi.es\/red-de-cuidados\/atencion-y-acompanamiento-emocional\/#breadcrumb","itemListElement":[{"@type":"ListItem","position":1,"name":"Portada","item":"https:\/\/www.lacomi.es\/"},{"@type":"ListItem","position":2,"name":"ZAINTZA SAREA","item":"https:\/\/www.lacomi.es\/red-de-cuidados\/"},{"@type":"ListItem","position":3,"name":"Arreta eta laguntza emozionala"}]}]}},"_links":{"self":[{"href":"https:\/\/www.lacomi.es\/eu\/wp-json\/wp\/v2\/pages\/3053"}],"collection":[{"href":"https:\/\/www.lacomi.es\/eu\/wp-json\/wp\/v2\/pages"}],"about":[{"href":"https:\/\/www.lacomi.es\/eu\/wp-json\/wp\/v2\/types\/page"}],"author":[{"embeddable":true,"href":"https:\/\/www.lacomi.es\/eu\/wp-json\/wp\/v2\/users\/1"}],"replies":[{"embeddable":true,"href":"https:\/\/www.lacomi.es\/eu\/wp-json\/wp\/v2\/comments?post=3053"}],"version-history":[{"count":2,"href":"https:\/\/www.lacomi.es\/eu\/wp-json\/wp\/v2\/pages\/3053\/revisions"}],"predecessor-version":[{"id":3239,"href":"https:\/\/www.lacomi.es\/eu\/wp-json\/wp\/v2\/pages\/3053\/revisions\/3239"}],"up":[{"embeddable":true,"href":"https:\/\/www.lacomi.es\/eu\/wp-json\/wp\/v2\/pages\/3045"}],"wp:attachment":[{"href":"https:\/\/www.lacomi.es\/eu\/wp-json\/wp\/v2\/media?parent=3053"}],"curies":[{"name":"wp","href":"https:\/\/api.w.org\/{rel}","templated":true}]}}